{"id":588,"date":"2021-02-11T16:58:53","date_gmt":"2021-02-11T15:58:53","guid":{"rendered":"http:\/\/www.meditec-gmbh.de\/web2020\/wordpress\/?page_id=588"},"modified":"2021-07-22T11:10:18","modified_gmt":"2021-07-22T09:10:18","slug":"produktion","status":"publish","type":"page","link":"https:\/\/www.meditec-gmbh.de\/en\/produktion\/","title":{"rendered":"Production"},"content":{"rendered":"\t\t<div data-elementor-type=\"wp-page\" data-elementor-id=\"588\" class=\"elementor elementor-588\" data-elementor-post-type=\"page\">\n\t\t\t\t\t\t<section class=\"elementor-section elementor-top-section elementor-element elementor-element-80e367b elementor-section-full_width animated-slow elementor-section-height-default elementor-section-height-default elementor-invisible\" data-id=\"80e367b\" data-element_type=\"section\" data-e-type=\"section\" data-settings=\"{&quot;background_background&quot;:&quot;classic&quot;,&quot;animation&quot;:&quot;fadeInRight&quot;}\">\n\t\t\t\t\t\t\t<div class=\"elementor-background-overlay\"><\/div>\n\t\t\t\t\t\t\t<div class=\"elementor-container elementor-column-gap-default\">\n\t\t\t\t\t<div class=\"elementor-column elementor-col-100 elementor-top-column elementor-element elementor-element-28ebd5d animated-slow elementor-invisible\" data-id=\"28ebd5d\" data-element_type=\"column\" data-e-type=\"column\" data-settings=\"{&quot;animation&quot;:&quot;fadeInLeft&quot;}\">\n\t\t\t<div class=\"elementor-widget-wrap elementor-element-populated\">\n\t\t\t\t\t\t<section class=\"elementor-section elementor-inner-section elementor-element elementor-element-8abe8e2 elementor-section-full_width elementor-section-height-default elementor-section-height-default\" data-id=\"8abe8e2\" data-element_type=\"section\" data-e-type=\"section\">\n\t\t\t\t\t\t<div class=\"elementor-container elementor-column-gap-default\">\n\t\t\t\t\t<div class=\"elementor-column elementor-col-50 elementor-inner-column elementor-element elementor-element-8afc357\" data-id=\"8afc357\" data-element_type=\"column\" data-e-type=\"column\">\n\t\t\t<div class=\"elementor-widget-wrap elementor-element-populated\">\n\t\t\t\t\t\t<div class=\"elementor-element elementor-element-f40f269 animated-slow elementor-invisible elementor-widget elementor-widget-heading\" data-id=\"f40f269\" data-element_type=\"widget\" data-e-type=\"widget\" data-settings=\"{&quot;_animation&quot;:&quot;fadeInLeft&quot;}\" data-widget_type=\"heading.default\">\n\t\t\t\t<div class=\"elementor-widget-container\">\n\t\t\t\t\t<h2 class=\"elementor-heading-title elementor-size-default\">Produktion<\/h2>\t\t\t\t<\/div>\n\t\t\t\t<\/div>\n\t\t\t\t\t<\/div>\n\t\t<\/div>\n\t\t\t\t<div class=\"elementor-column elementor-col-50 elementor-inner-column elementor-element elementor-element-a9e948a\" data-id=\"a9e948a\" data-element_type=\"column\" data-e-type=\"column\">\n\t\t\t<div class=\"elementor-widget-wrap\">\n\t\t\t\t\t\t\t<\/div>\n\t\t<\/div>\n\t\t\t\t\t<\/div>\n\t\t<\/section>\n\t\t\t\t\t<\/div>\n\t\t<\/div>\n\t\t\t\t\t<\/div>\n\t\t<\/section>\n\t\t\t\t<section class=\"elementor-section elementor-top-section elementor-element elementor-element-95827ff elementor-section-boxed elementor-section-height-default elementor-section-height-default\" data-id=\"95827ff\" data-element_type=\"section\" data-e-type=\"section\" data-settings=\"{&quot;background_background&quot;:&quot;classic&quot;,&quot;background_motion_fx_motion_fx_scrolling&quot;:&quot;yes&quot;,&quot;background_motion_fx_translateY_effect&quot;:&quot;yes&quot;,&quot;background_motion_fx_translateY_direction&quot;:&quot;negative&quot;,&quot;background_motion_fx_translateY_speed&quot;:{&quot;unit&quot;:&quot;px&quot;,&quot;size&quot;:4,&quot;sizes&quot;:[]},&quot;background_motion_fx_translateY_affectedRange&quot;:{&quot;unit&quot;:&quot;%&quot;,&quot;size&quot;:&quot;&quot;,&quot;sizes&quot;:{&quot;start&quot;:0,&quot;end&quot;:100}},&quot;background_motion_fx_devices&quot;:[&quot;desktop&quot;,&quot;tablet&quot;,&quot;mobile&quot;]}\">\n\t\t\t\t\t\t\t<div class=\"elementor-background-overlay\"><\/div>\n\t\t\t\t\t\t\t<div class=\"elementor-container elementor-column-gap-default\">\n\t\t\t\t\t<div class=\"elementor-column elementor-col-100 elementor-top-column elementor-element elementor-element-04a5180\" data-id=\"04a5180\" data-element_type=\"column\" data-e-type=\"column\">\n\t\t\t<div class=\"elementor-widget-wrap elementor-element-populated\">\n\t\t\t\t\t\t<section class=\"elementor-section elementor-inner-section elementor-element elementor-element-b1a0840 elementor-section-boxed elementor-section-height-default elementor-section-height-default\" data-id=\"b1a0840\" data-element_type=\"section\" data-e-type=\"section\">\n\t\t\t\t\t\t<div class=\"elementor-container elementor-column-gap-default\">\n\t\t\t\t\t<div class=\"elementor-column elementor-col-50 elementor-inner-column elementor-element elementor-element-ba12240\" data-id=\"ba12240\" data-element_type=\"column\" data-e-type=\"column\">\n\t\t\t<div class=\"elementor-widget-wrap elementor-element-populated\">\n\t\t\t\t\t\t<div class=\"elementor-element elementor-element-8789b75 elementor-invisible elementor-widget elementor-widget-image\" data-id=\"8789b75\" data-element_type=\"widget\" data-e-type=\"widget\" data-settings=\"{&quot;_animation&quot;:&quot;fadeInDown&quot;}\" data-widget_type=\"image.default\">\n\t\t\t\t<div class=\"elementor-widget-container\">\n\t\t\t\t\t\t\t\t\t\t\t\t\t\t\t<img fetchpriority=\"high\" decoding=\"async\" width=\"500\" height=\"500\" src=\"https:\/\/www.meditec-gmbh.de\/wp-content\/uploads\/2021\/02\/Icon-Projektplanung.png\" class=\"elementor-animation-grow attachment-full size-full wp-image-591\" alt=\"\" srcset=\"https:\/\/www.meditec-gmbh.de\/wp-content\/uploads\/2021\/02\/Icon-Projektplanung.png 500w, https:\/\/www.meditec-gmbh.de\/wp-content\/uploads\/2021\/02\/Icon-Projektplanung-300x300.png 300w, https:\/\/www.meditec-gmbh.de\/wp-content\/uploads\/2021\/02\/Icon-Projektplanung-150x150.png 150w, https:\/\/www.meditec-gmbh.de\/wp-content\/uploads\/2021\/02\/Icon-Projektplanung-12x12.png 12w\" sizes=\"(max-width: 500px) 100vw, 500px\" \/>\t\t\t\t\t\t\t\t\t\t\t\t\t\t\t<\/div>\n\t\t\t\t<\/div>\n\t\t\t\t<div class=\"elementor-element elementor-element-dd82843 elementor-invisible elementor-widget elementor-widget-text-editor\" data-id=\"dd82843\" data-element_type=\"widget\" data-e-type=\"widget\" data-settings=\"{&quot;_animation&quot;:&quot;fadeInUp&quot;}\" data-widget_type=\"text-editor.default\">\n\t\t\t\t<div class=\"elementor-widget-container\">\n\t\t\t\t\t\t\t\t\t<p>Projektplanung<\/p>\t\t\t\t\t\t\t\t<\/div>\n\t\t\t\t<\/div>\n\t\t\t\t\t<\/div>\n\t\t<\/div>\n\t\t\t\t<div class=\"elementor-column elementor-col-50 elementor-inner-column elementor-element elementor-element-85d5c51\" data-id=\"85d5c51\" data-element_type=\"column\" data-e-type=\"column\">\n\t\t\t<div class=\"elementor-widget-wrap elementor-element-populated\">\n\t\t\t\t\t\t<div class=\"elementor-element elementor-element-5b3247e elementor-invisible elementor-widget elementor-widget-text-editor\" data-id=\"5b3247e\" data-element_type=\"widget\" data-e-type=\"widget\" data-settings=\"{&quot;_animation&quot;:&quot;fadeInRight&quot;}\" data-widget_type=\"text-editor.default\">\n\t\t\t\t<div class=\"elementor-widget-container\">\n\t\t\t\t\t\t\t\t\t<p>Wir ben\u00f6tigen eine Zeichnung oder Abbildung, eine Idee oder eine Vorstellung und schon planen wir Ihr individuelles Projekt<\/p>\t\t\t\t\t\t\t\t<\/div>\n\t\t\t\t<\/div>\n\t\t\t\t\t<\/div>\n\t\t<\/div>\n\t\t\t\t\t<\/div>\n\t\t<\/section>\n\t\t\t\t<section class=\"elementor-section elementor-inner-section elementor-element elementor-element-0f5eda1 elementor-section-boxed elementor-section-height-default elementor-section-height-default\" data-id=\"0f5eda1\" data-element_type=\"section\" data-e-type=\"section\">\n\t\t\t\t\t\t<div class=\"elementor-container elementor-column-gap-default\">\n\t\t\t\t\t<div class=\"elementor-column elementor-col-50 elementor-inner-column elementor-element elementor-element-0590849\" data-id=\"0590849\" data-element_type=\"column\" data-e-type=\"column\">\n\t\t\t<div class=\"elementor-widget-wrap elementor-element-populated\">\n\t\t\t\t\t\t<div class=\"elementor-element elementor-element-e240b76 elementor-invisible elementor-widget elementor-widget-image\" data-id=\"e240b76\" data-element_type=\"widget\" data-e-type=\"widget\" data-settings=\"{&quot;_animation&quot;:&quot;fadeInDown&quot;}\" data-widget_type=\"image.default\">\n\t\t\t\t<div class=\"elementor-widget-container\">\n\t\t\t\t\t\t\t\t\t\t\t\t\t\t\t<img decoding=\"async\" width=\"500\" height=\"500\" src=\"https:\/\/www.meditec-gmbh.de\/wp-content\/uploads\/2021\/02\/Icon-Werkzeugbau.png\" class=\"elementor-animation-grow attachment-full size-full wp-image-592\" alt=\"\" srcset=\"https:\/\/www.meditec-gmbh.de\/wp-content\/uploads\/2021\/02\/Icon-Werkzeugbau.png 500w, https:\/\/www.meditec-gmbh.de\/wp-content\/uploads\/2021\/02\/Icon-Werkzeugbau-300x300.png 300w, https:\/\/www.meditec-gmbh.de\/wp-content\/uploads\/2021\/02\/Icon-Werkzeugbau-150x150.png 150w, https:\/\/www.meditec-gmbh.de\/wp-content\/uploads\/2021\/02\/Icon-Werkzeugbau-12x12.png 12w\" sizes=\"(max-width: 500px) 100vw, 500px\" \/>\t\t\t\t\t\t\t\t\t\t\t\t\t\t\t<\/div>\n\t\t\t\t<\/div>\n\t\t\t\t<div class=\"elementor-element elementor-element-d16e627 elementor-invisible elementor-widget elementor-widget-text-editor\" data-id=\"d16e627\" data-element_type=\"widget\" data-e-type=\"widget\" data-settings=\"{&quot;_animation&quot;:&quot;fadeInUp&quot;}\" data-widget_type=\"text-editor.default\">\n\t\t\t\t<div class=\"elementor-widget-container\">\n\t\t\t\t\t\t\t\t\t<p>Werkzeugbau<\/p>\t\t\t\t\t\t\t\t<\/div>\n\t\t\t\t<\/div>\n\t\t\t\t\t<\/div>\n\t\t<\/div>\n\t\t\t\t<div class=\"elementor-column elementor-col-50 elementor-inner-column elementor-element elementor-element-9cec391\" data-id=\"9cec391\" data-element_type=\"column\" data-e-type=\"column\">\n\t\t\t<div class=\"elementor-widget-wrap elementor-element-populated\">\n\t\t\t\t\t\t<div class=\"elementor-element elementor-element-85ee99b elementor-invisible elementor-widget elementor-widget-text-editor\" data-id=\"85ee99b\" data-element_type=\"widget\" data-e-type=\"widget\" data-settings=\"{&quot;_animation&quot;:&quot;fadeInRight&quot;}\" data-widget_type=\"text-editor.default\">\n\t\t\t\t<div class=\"elementor-widget-container\">\n\t\t\t\t\t\t\t\t\t<p>Pr\u00e4zise erstellt unser Team aus dem Werkzeugbau individuelle Pr\u00e4gestempel mit Ihrem gew\u00fcnschten Design<\/p>\t\t\t\t\t\t\t\t<\/div>\n\t\t\t\t<\/div>\n\t\t\t\t\t<\/div>\n\t\t<\/div>\n\t\t\t\t\t<\/div>\n\t\t<\/section>\n\t\t\t\t<section class=\"elementor-section elementor-inner-section elementor-element elementor-element-f9b9457 elementor-section-boxed elementor-section-height-default elementor-section-height-default\" data-id=\"f9b9457\" data-element_type=\"section\" data-e-type=\"section\">\n\t\t\t\t\t\t<div class=\"elementor-container elementor-column-gap-default\">\n\t\t\t\t\t<div class=\"elementor-column elementor-col-50 elementor-inner-column elementor-element elementor-element-5deb813\" data-id=\"5deb813\" data-element_type=\"column\" data-e-type=\"column\">\n\t\t\t<div class=\"elementor-widget-wrap elementor-element-populated\">\n\t\t\t\t\t\t<div class=\"elementor-element elementor-element-2153542 elementor-invisible elementor-widget elementor-widget-image\" data-id=\"2153542\" data-element_type=\"widget\" data-e-type=\"widget\" data-settings=\"{&quot;_animation&quot;:&quot;fadeInDown&quot;}\" data-widget_type=\"image.default\">\n\t\t\t\t<div class=\"elementor-widget-container\">\n\t\t\t\t\t\t\t\t\t\t\t\t\t\t\t<img decoding=\"async\" width=\"500\" height=\"500\" src=\"https:\/\/www.meditec-gmbh.de\/wp-content\/uploads\/2021\/02\/Icon-Stanzen.png\" class=\"elementor-animation-grow attachment-full size-full wp-image-596\" alt=\"\" srcset=\"https:\/\/www.meditec-gmbh.de\/wp-content\/uploads\/2021\/02\/Icon-Stanzen.png 500w, https:\/\/www.meditec-gmbh.de\/wp-content\/uploads\/2021\/02\/Icon-Stanzen-300x300.png 300w, https:\/\/www.meditec-gmbh.de\/wp-content\/uploads\/2021\/02\/Icon-Stanzen-150x150.png 150w, https:\/\/www.meditec-gmbh.de\/wp-content\/uploads\/2021\/02\/Icon-Stanzen-12x12.png 12w\" sizes=\"(max-width: 500px) 100vw, 500px\" \/>\t\t\t\t\t\t\t\t\t\t\t\t\t\t\t<\/div>\n\t\t\t\t<\/div>\n\t\t\t\t<div class=\"elementor-element elementor-element-6a33605 elementor-invisible elementor-widget elementor-widget-text-editor\" data-id=\"6a33605\" data-element_type=\"widget\" data-e-type=\"widget\" data-settings=\"{&quot;_animation&quot;:&quot;fadeInUp&quot;}\" data-widget_type=\"text-editor.default\">\n\t\t\t\t<div class=\"elementor-widget-container\">\n\t\t\t\t\t\t\t\t\t<p>Pr\u00e4gen &amp; Stanzen<\/p>\t\t\t\t\t\t\t\t<\/div>\n\t\t\t\t<\/div>\n\t\t\t\t\t<\/div>\n\t\t<\/div>\n\t\t\t\t<div class=\"elementor-column elementor-col-50 elementor-inner-column elementor-element elementor-element-7817c78\" data-id=\"7817c78\" data-element_type=\"column\" data-e-type=\"column\">\n\t\t\t<div class=\"elementor-widget-wrap elementor-element-populated\">\n\t\t\t\t\t\t<div class=\"elementor-element elementor-element-30becac elementor-invisible elementor-widget elementor-widget-text-editor\" data-id=\"30becac\" data-element_type=\"widget\" data-e-type=\"widget\" data-settings=\"{&quot;_animation&quot;:&quot;fadeInRight&quot;}\" data-widget_type=\"text-editor.default\">\n\t\t\t\t<div class=\"elementor-widget-container\">\n\t\t\t\t\t\t\t\t\t<p>Erst wird gepr\u00e4gt, anschlie\u00dfend stanzen wir mit unseren Pressen bis 1.000 t individuelle Bauteile f\u00fcr Ihren Bedarf<\/p>\t\t\t\t\t\t\t\t<\/div>\n\t\t\t\t<\/div>\n\t\t\t\t\t<\/div>\n\t\t<\/div>\n\t\t\t\t\t<\/div>\n\t\t<\/section>\n\t\t\t\t<section class=\"elementor-section elementor-inner-section elementor-element elementor-element-461a629 elementor-section-boxed elementor-section-height-default elementor-section-height-default\" data-id=\"461a629\" data-element_type=\"section\" data-e-type=\"section\">\n\t\t\t\t\t\t<div class=\"elementor-container elementor-column-gap-default\">\n\t\t\t\t\t<div class=\"elementor-column elementor-col-50 elementor-inner-column elementor-element elementor-element-4a7d05e\" data-id=\"4a7d05e\" data-element_type=\"column\" data-e-type=\"column\">\n\t\t\t<div class=\"elementor-widget-wrap elementor-element-populated\">\n\t\t\t\t\t\t<div class=\"elementor-element elementor-element-46eee2e elementor-invisible elementor-widget elementor-widget-image\" data-id=\"46eee2e\" data-element_type=\"widget\" data-e-type=\"widget\" data-settings=\"{&quot;_animation&quot;:&quot;fadeInDown&quot;}\" data-widget_type=\"image.default\">\n\t\t\t\t<div class=\"elementor-widget-container\">\n\t\t\t\t\t\t\t\t\t\t\t\t\t\t\t<img loading=\"lazy\" decoding=\"async\" width=\"500\" height=\"500\" src=\"https:\/\/www.meditec-gmbh.de\/wp-content\/uploads\/2021\/02\/Icon-Galvanik.png\" class=\"elementor-animation-grow attachment-full size-full wp-image-593\" alt=\"\" srcset=\"https:\/\/www.meditec-gmbh.de\/wp-content\/uploads\/2021\/02\/Icon-Galvanik.png 500w, https:\/\/www.meditec-gmbh.de\/wp-content\/uploads\/2021\/02\/Icon-Galvanik-300x300.png 300w, https:\/\/www.meditec-gmbh.de\/wp-content\/uploads\/2021\/02\/Icon-Galvanik-150x150.png 150w, https:\/\/www.meditec-gmbh.de\/wp-content\/uploads\/2021\/02\/Icon-Galvanik-12x12.png 12w\" sizes=\"(max-width: 500px) 100vw, 500px\" \/>\t\t\t\t\t\t\t\t\t\t\t\t\t\t\t<\/div>\n\t\t\t\t<\/div>\n\t\t\t\t<div class=\"elementor-element elementor-element-0b0cbb8 elementor-invisible elementor-widget elementor-widget-text-editor\" data-id=\"0b0cbb8\" data-element_type=\"widget\" data-e-type=\"widget\" data-settings=\"{&quot;_animation&quot;:&quot;fadeInUp&quot;}\" data-widget_type=\"text-editor.default\">\n\t\t\t\t<div class=\"elementor-widget-container\">\n\t\t\t\t\t\t\t\t\t<p>Galvanik<\/p>\t\t\t\t\t\t\t\t<\/div>\n\t\t\t\t<\/div>\n\t\t\t\t\t<\/div>\n\t\t<\/div>\n\t\t\t\t<div class=\"elementor-column elementor-col-50 elementor-inner-column elementor-element elementor-element-34b6610\" data-id=\"34b6610\" data-element_type=\"column\" data-e-type=\"column\">\n\t\t\t<div class=\"elementor-widget-wrap elementor-element-populated\">\n\t\t\t\t\t\t<div class=\"elementor-element elementor-element-ed50103 elementor-invisible elementor-widget elementor-widget-text-editor\" data-id=\"ed50103\" data-element_type=\"widget\" data-e-type=\"widget\" data-settings=\"{&quot;_animation&quot;:&quot;fadeInRight&quot;}\" data-widget_type=\"text-editor.default\">\n\t\t\t\t<div class=\"elementor-widget-container\">\n\t\t\t\t\t\t\t\t\t<p>Schutz f\u00fcr Ihre Produkte \u2013 Durch unsere galvanische Beschichtung halten Ihre Produkte l\u00e4nger<\/p>\t\t\t\t\t\t\t\t<\/div>\n\t\t\t\t<\/div>\n\t\t\t\t\t<\/div>\n\t\t<\/div>\n\t\t\t\t\t<\/div>\n\t\t<\/section>\n\t\t\t\t<section class=\"elementor-section elementor-inner-section elementor-element elementor-element-7583bb3 elementor-section-boxed elementor-section-height-default elementor-section-height-default\" data-id=\"7583bb3\" data-element_type=\"section\" data-e-type=\"section\">\n\t\t\t\t\t\t<div class=\"elementor-container elementor-column-gap-default\">\n\t\t\t\t\t<div class=\"elementor-column elementor-col-50 elementor-inner-column elementor-element elementor-element-7952851\" data-id=\"7952851\" data-element_type=\"column\" data-e-type=\"column\">\n\t\t\t<div class=\"elementor-widget-wrap elementor-element-populated\">\n\t\t\t\t\t\t<div class=\"elementor-element elementor-element-9b6edf0 elementor-invisible elementor-widget elementor-widget-image\" data-id=\"9b6edf0\" data-element_type=\"widget\" data-e-type=\"widget\" data-settings=\"{&quot;_animation&quot;:&quot;fadeInDown&quot;}\" data-widget_type=\"image.default\">\n\t\t\t\t<div class=\"elementor-widget-container\">\n\t\t\t\t\t\t\t\t\t\t\t\t\t\t\t<img loading=\"lazy\" decoding=\"async\" width=\"500\" height=\"500\" src=\"https:\/\/www.meditec-gmbh.de\/wp-content\/uploads\/2021\/02\/Icon-Lackierung.png\" class=\"elementor-animation-grow attachment-full size-full wp-image-594\" alt=\"\" srcset=\"https:\/\/www.meditec-gmbh.de\/wp-content\/uploads\/2021\/02\/Icon-Lackierung.png 500w, https:\/\/www.meditec-gmbh.de\/wp-content\/uploads\/2021\/02\/Icon-Lackierung-300x300.png 300w, https:\/\/www.meditec-gmbh.de\/wp-content\/uploads\/2021\/02\/Icon-Lackierung-150x150.png 150w, https:\/\/www.meditec-gmbh.de\/wp-content\/uploads\/2021\/02\/Icon-Lackierung-12x12.png 12w\" sizes=\"(max-width: 500px) 100vw, 500px\" \/>\t\t\t\t\t\t\t\t\t\t\t\t\t\t\t<\/div>\n\t\t\t\t<\/div>\n\t\t\t\t<div class=\"elementor-element elementor-element-a44e343 elementor-invisible elementor-widget elementor-widget-text-editor\" data-id=\"a44e343\" data-element_type=\"widget\" data-e-type=\"widget\" data-settings=\"{&quot;_animation&quot;:&quot;fadeInUp&quot;}\" data-widget_type=\"text-editor.default\">\n\t\t\t\t<div class=\"elementor-widget-container\">\n\t\t\t\t\t\t\t\t\t<p>Lackiererei<\/p>\t\t\t\t\t\t\t\t<\/div>\n\t\t\t\t<\/div>\n\t\t\t\t\t<\/div>\n\t\t<\/div>\n\t\t\t\t<div class=\"elementor-column elementor-col-50 elementor-inner-column elementor-element elementor-element-8c26506\" data-id=\"8c26506\" data-element_type=\"column\" data-e-type=\"column\">\n\t\t\t<div class=\"elementor-widget-wrap elementor-element-populated\">\n\t\t\t\t\t\t<div class=\"elementor-element elementor-element-03fbf46 elementor-invisible elementor-widget elementor-widget-text-editor\" data-id=\"03fbf46\" data-element_type=\"widget\" data-e-type=\"widget\" data-settings=\"{&quot;_animation&quot;:&quot;fadeInRight&quot;}\" data-widget_type=\"text-editor.default\">\n\t\t\t\t<div class=\"elementor-widget-container\">\n\t\t\t\t\t\t\t\t\t<p>Mit unseren qualitativ hochwertigen Lacken lackieren wir verschiedene Produkte nach Ihren W\u00fcnschen<\/p>\t\t\t\t\t\t\t\t<\/div>\n\t\t\t\t<\/div>\n\t\t\t\t\t<\/div>\n\t\t<\/div>\n\t\t\t\t\t<\/div>\n\t\t<\/section>\n\t\t\t\t<section class=\"elementor-section elementor-inner-section elementor-element elementor-element-e75a42e elementor-section-boxed elementor-section-height-default elementor-section-height-default\" data-id=\"e75a42e\" data-element_type=\"section\" data-e-type=\"section\">\n\t\t\t\t\t\t<div class=\"elementor-container elementor-column-gap-default\">\n\t\t\t\t\t<div class=\"elementor-column elementor-col-50 elementor-inner-column elementor-element elementor-element-b1f5c50\" data-id=\"b1f5c50\" data-element_type=\"column\" data-e-type=\"column\">\n\t\t\t<div class=\"elementor-widget-wrap elementor-element-populated\">\n\t\t\t\t\t\t<div class=\"elementor-element elementor-element-3757c5b elementor-invisible elementor-widget elementor-widget-image\" data-id=\"3757c5b\" data-element_type=\"widget\" data-e-type=\"widget\" data-settings=\"{&quot;_animation&quot;:&quot;fadeInDown&quot;}\" data-widget_type=\"image.default\">\n\t\t\t\t<div class=\"elementor-widget-container\">\n\t\t\t\t\t\t\t\t\t\t\t\t\t\t\t<img loading=\"lazy\" decoding=\"async\" width=\"500\" height=\"500\" src=\"https:\/\/www.meditec-gmbh.de\/wp-content\/uploads\/2021\/02\/Icon-Qulitaetssicherung.png\" class=\"elementor-animation-grow attachment-full size-full wp-image-595\" alt=\"\" srcset=\"https:\/\/www.meditec-gmbh.de\/wp-content\/uploads\/2021\/02\/Icon-Qulitaetssicherung.png 500w, https:\/\/www.meditec-gmbh.de\/wp-content\/uploads\/2021\/02\/Icon-Qulitaetssicherung-300x300.png 300w, https:\/\/www.meditec-gmbh.de\/wp-content\/uploads\/2021\/02\/Icon-Qulitaetssicherung-150x150.png 150w, https:\/\/www.meditec-gmbh.de\/wp-content\/uploads\/2021\/02\/Icon-Qulitaetssicherung-12x12.png 12w\" sizes=\"(max-width: 500px) 100vw, 500px\" \/>\t\t\t\t\t\t\t\t\t\t\t\t\t\t\t<\/div>\n\t\t\t\t<\/div>\n\t\t\t\t<div class=\"elementor-element elementor-element-fb6f5e7 elementor-invisible elementor-widget elementor-widget-text-editor\" data-id=\"fb6f5e7\" data-element_type=\"widget\" data-e-type=\"widget\" data-settings=\"{&quot;_animation&quot;:&quot;fadeInUp&quot;}\" data-widget_type=\"text-editor.default\">\n\t\t\t\t<div class=\"elementor-widget-container\">\n\t\t\t\t\t\t\t\t\t<p>Qualit\u00e4tssicherung<\/p>\t\t\t\t\t\t\t\t<\/div>\n\t\t\t\t<\/div>\n\t\t\t\t\t<\/div>\n\t\t<\/div>\n\t\t\t\t<div class=\"elementor-column elementor-col-50 elementor-inner-column elementor-element elementor-element-e5d699c\" data-id=\"e5d699c\" data-element_type=\"column\" data-e-type=\"column\">\n\t\t\t<div class=\"elementor-widget-wrap elementor-element-populated\">\n\t\t\t\t\t\t<div class=\"elementor-element elementor-element-a495250 elementor-invisible elementor-widget elementor-widget-text-editor\" data-id=\"a495250\" data-element_type=\"widget\" data-e-type=\"widget\" data-settings=\"{&quot;_animation&quot;:&quot;fadeInRight&quot;}\" data-widget_type=\"text-editor.default\">\n\t\t\t\t<div class=\"elementor-widget-container\">\n\t\t\t\t\t\t\t\t\t<p>In der Endkontrolle werden die fertig gestellten Artikel auf Herz und Nieren gepr\u00fcft<\/p>\t\t\t\t\t\t\t\t<\/div>\n\t\t\t\t<\/div>\n\t\t\t\t\t<\/div>\n\t\t<\/div>\n\t\t\t\t\t<\/div>\n\t\t<\/section>\n\t\t\t\t<section class=\"elementor-section elementor-inner-section elementor-element elementor-element-b927701 elementor-section-boxed elementor-section-height-default elementor-section-height-default\" data-id=\"b927701\" data-element_type=\"section\" data-e-type=\"section\">\n\t\t\t\t\t\t<div class=\"elementor-container elementor-column-gap-default\">\n\t\t\t\t\t<div class=\"elementor-column elementor-col-50 elementor-inner-column elementor-element elementor-element-0ebbafd\" data-id=\"0ebbafd\" data-element_type=\"column\" data-e-type=\"column\">\n\t\t\t<div class=\"elementor-widget-wrap elementor-element-populated\">\n\t\t\t\t\t\t<div class=\"elementor-element elementor-element-6b3823d elementor-invisible elementor-widget elementor-widget-image\" data-id=\"6b3823d\" data-element_type=\"widget\" data-e-type=\"widget\" data-settings=\"{&quot;_animation&quot;:&quot;fadeInDown&quot;}\" data-widget_type=\"image.default\">\n\t\t\t\t<div class=\"elementor-widget-container\">\n\t\t\t\t\t\t\t\t\t\t\t\t\t\t\t<img loading=\"lazy\" decoding=\"async\" width=\"500\" height=\"500\" src=\"https:\/\/www.meditec-gmbh.de\/wp-content\/uploads\/2021\/02\/Icon-Versand.png\" class=\"elementor-animation-grow attachment-full size-full wp-image-597\" alt=\"\" srcset=\"https:\/\/www.meditec-gmbh.de\/wp-content\/uploads\/2021\/02\/Icon-Versand.png 500w, https:\/\/www.meditec-gmbh.de\/wp-content\/uploads\/2021\/02\/Icon-Versand-300x300.png 300w, https:\/\/www.meditec-gmbh.de\/wp-content\/uploads\/2021\/02\/Icon-Versand-150x150.png 150w, https:\/\/www.meditec-gmbh.de\/wp-content\/uploads\/2021\/02\/Icon-Versand-12x12.png 12w\" sizes=\"(max-width: 500px) 100vw, 500px\" \/>\t\t\t\t\t\t\t\t\t\t\t\t\t\t\t<\/div>\n\t\t\t\t<\/div>\n\t\t\t\t<div class=\"elementor-element elementor-element-d7ba0c1 elementor-invisible elementor-widget elementor-widget-text-editor\" data-id=\"d7ba0c1\" data-element_type=\"widget\" data-e-type=\"widget\" data-settings=\"{&quot;_animation&quot;:&quot;fadeInUp&quot;}\" data-widget_type=\"text-editor.default\">\n\t\t\t\t<div class=\"elementor-widget-container\">\n\t\t\t\t\t\t\t\t\t<p>Versand<\/p>\t\t\t\t\t\t\t\t<\/div>\n\t\t\t\t<\/div>\n\t\t\t\t\t<\/div>\n\t\t<\/div>\n\t\t\t\t<div class=\"elementor-column elementor-col-50 elementor-inner-column elementor-element elementor-element-1c39eac\" data-id=\"1c39eac\" data-element_type=\"column\" data-e-type=\"column\">\n\t\t\t<div class=\"elementor-widget-wrap elementor-element-populated\">\n\t\t\t\t\t\t<div class=\"elementor-element elementor-element-4a2e890 elementor-invisible elementor-widget elementor-widget-text-editor\" data-id=\"4a2e890\" data-element_type=\"widget\" data-e-type=\"widget\" data-settings=\"{&quot;_animation&quot;:&quot;fadeInRight&quot;}\" data-widget_type=\"text-editor.default\">\n\t\t\t\t<div class=\"elementor-widget-container\">\n\t\t\t\t\t\t\t\t\t<p>Unsere stabile und sorgf\u00e4ltige Verpackung l\u00e4sst Ihre Pakete sicher ankommen<\/p>\t\t\t\t\t\t\t\t<\/div>\n\t\t\t\t<\/div>\n\t\t\t\t\t<\/div>\n\t\t<\/div>\n\t\t\t\t\t<\/div>\n\t\t<\/section>\n\t\t\t\t\t<\/div>\n\t\t<\/div>\n\t\t\t\t\t<\/div>\n\t\t<\/section>\n\t\t\t\t<\/div>\n\t\t","protected":false},"excerpt":{"rendered":"<p>Produktion Projektplanung Wir ben\u00f6tigen eine Zeichnung oder Abbildung, eine Idee oder eine Vorstellung und schon planen wir Ihr individuelles Projekt Werkzeugbau Pr\u00e4zise erstellt unser Team aus dem Werkzeugbau individuelle Pr\u00e4gestempel mit Ihrem gew\u00fcnschten Design Pr\u00e4gen &amp; Stanzen Erst wird gepr\u00e4gt, anschlie\u00dfend stanzen wir mit unseren Pressen bis 1.000 t individuelle Bauteile f\u00fcr Ihren Bedarf Galvanik [&hellip;]<\/p>\n","protected":false},"author":2,"featured_media":0,"parent":0,"menu_order":0,"comment_status":"closed","ping_status":"closed","template":"elementor_header_footer","meta":{"footnotes":""},"class_list":["post-588","page","type-page","status-publish","hentry"],"_links":{"self":[{"href":"https:\/\/www.meditec-gmbh.de\/en\/wp-json\/wp\/v2\/pages\/588"}],"collection":[{"href":"https:\/\/www.meditec-gmbh.de\/en\/wp-json\/wp\/v2\/pages"}],"about":[{"href":"https:\/\/www.meditec-gmbh.de\/en\/wp-json\/wp\/v2\/types\/page"}],"author":[{"embeddable":true,"href":"https:\/\/www.meditec-gmbh.de\/en\/wp-json\/wp\/v2\/users\/2"}],"replies":[{"embeddable":true,"href":"https:\/\/www.meditec-gmbh.de\/en\/wp-json\/wp\/v2\/comments?post=588"}],"version-history":[{"count":8,"href":"https:\/\/www.meditec-gmbh.de\/en\/wp-json\/wp\/v2\/pages\/588\/revisions"}],"predecessor-version":[{"id":871,"href":"https:\/\/www.meditec-gmbh.de\/en\/wp-json\/wp\/v2\/pages\/588\/revisions\/871"}],"wp:attachment":[{"href":"https:\/\/www.meditec-gmbh.de\/en\/wp-json\/wp\/v2\/media?parent=588"}],"curies":[{"name":"wp","href":"https:\/\/api.w.org\/{rel}","templated":true}]}}